{"id":27,"date":"2019-02-04T18:37:17","date_gmt":"2019-02-04T17:37:17","guid":{"rendered":"http:\/\/krupa.biz.pl\/wordpress\/?page_id=27"},"modified":"2020-05-17T20:56:00","modified_gmt":"2020-05-17T18:56:00","slug":"o-nas","status":"publish","type":"page","link":"https:\/\/krupa.biz.pl\/index.php\/o-nas\/","title":{"rendered":"Komunikat"},"content":{"rendered":"<p>W zwi\u0105zku z zaistnia\u0142\u0105 sytuacj\u0105 epidemiologiczn\u0105 i w trosce o dobro naszych Klient\u00f3w informuj\u0119, i\u017c w zwi\u0105zku z podj\u0119ciem od dnia 18 maja 2020 roku w dzia\u0142alno\u015bci Kancelarii, jeszcze ograniczonej w zakresie bezpo\u015bredniej obs\u0142ugi Klient\u00f3w w Kancelarii wdro\u017cono procedury maj\u0105ce na celu zminimalizowanie ryzyka zaka\u017cenia wirusem SARS-CoV-2.<\/p>\n<p>Dla bezpiecze\u0144stwa Klient\u00f3w i Adwokata w Kancelarii stosujemy szereg \u015brodk\u00f3w ochrony osobistej i higieny min. maseczki, przy\u0142bice, r\u0119kawiczki, \u015brodki dezynfekcyjne.<\/p>\n<p>W Kancelarii s\u0105 bie\u017c\u0105co, regularnie dezynfekowane powierzchnie cz\u0119stego kontaktu dotykowego \u2013 blaty biurka, klamki, narz\u0119dzia pracy, wszystkie przedmioty z kt\u00f3rymi mo\u017cemy mie\u0107 kontakt podczas wizyty.<\/p>\n<p>Ustalone zostaj\u0105 nast\u0119puj\u0105ce zasady kontaktu i komunikacji Klienta z Adwokatem:<\/p>\n<ol>\n<li>W zwi\u0105zku z obecnie nadal cz\u0119\u015bciow\u0105 zdaln\u0105 prac\u0105 Kancelarii<strong> prosz\u0119 o kontakt telefoniczny pod numerem kom\u00f3rkowym telefonu<\/strong> 604 412 918 lub e-mail: <a href=\"mailto:kancelaria@krupa.biz.pl\">kancelaria@krupa.biz.pl<\/a><\/li>\n<li>Obecnie w ograniczonym zakresie sta\u0142o si\u0119 mo\u017cliwym um\u00f3wienie na bezpo\u015bredni\u0105 wizyt\u0119 i konsultacj\u0119 w Kancelarii przy zachowaniu poni\u017cszych warunk\u00f3w.<\/li>\n<li>Um\u00f3wienie na wizyt\u0119 nast\u0119puje po telefonicznym ustaleniu daty oraz konkretnej godziny tak a\u017ceby pomi\u0119dzy wizytami um\u00f3wionych Klient\u00f3w by\u0142 odst\u0119p czasowy co najmniej 20 &#8211; 30 minut, umo\u017cliwiaj\u0105cy zdezynfekowanie i przewietrzenie pomieszczenia, a\u017ceby nie by\u0142o sytuacji i potrzeby oczekiwania w poczekalni tylko bezpo\u015bredni dost\u0119p na um\u00f3wion\u0105 wizyt\u0119,<\/li>\n<li>Podczas wizyty przyjmowana jest tylko 1 (jedna) osoba, wyj\u0105tkowo w wypadkach szczeg\u00f3lnie uzasadnionych mog\u0105 przebywa\u0107 jednocze\u015bnie w Kancelarii 2 (dwie) osoby z zachowaniem wymaganego bezpiecznego dystansu od 1,5 do 2 metr\u00f3w od siebie (warunki pomieszczenia Kancelarii pozwalaj\u0105 na zachowanie takiej bezpiecznej przestrzeni). Zastrzegam, \u017ce jedna z w\/w os\u00f3b mo\u017ce by\u0107 poproszona o opuszczenie pomieszczenia Kancelarii,<\/li>\n<li>W trakcie telefonicznego umawiania terminu wizyty i bezpo\u015brednio podczas wizyty przeprowadzony zostanie wywiad z Klientem co do okoliczno\u015bci, kt\u00f3re mog\u0142y by stanowi\u0107 nara\u017cenie na zagro\u017cenie epidemiologiczne i zostan\u0105 Pa\u0144stwu zadane poni\u017csze pytania:\n<ol>\n<li>czy wyst\u0119puj\u0105 u Pa\u0144stwa jakiekolwiek objawy infekcji, w szczeg\u00f3lno\u015bci: gora\u0328czka, kaszel, uczucie duszno\u015bci, b\u00f3le mi\u0119\u015bniowe, katar, bo\u0301l gard\u0142a, os\u0142abienie,<\/li>\n<li>czy w ci\u0105gu ostatnich 14 dni przebywali Pa\u0144stwo w rejonach wyst\u0119powania zaka\u017ce\u0144 wirusem SARS-CoV-2,<\/li>\n<li>czy mieli Pa\u0144stwo bezpo\u015bredni kontakt z osob\u0105 zaraz\u0307ona\u0328 lub podejrzan\u0105 o zaka\u017cenie,<\/li>\n<li>czy s\u0105 Pa\u0144stwo obj\u0119ci kwarantann\u0105,<br \/>\nBardzo prosz\u0119 o rzetelne podanie powy\u017cszych informacji.<br \/>\nZ g\u00f3ry uprzejmie dzi\u0119kuj\u0119.<\/li>\n<\/ol>\n<\/li>\n<li>Istotna uwaga \u2013 <u>w przypadku zg\u0142oszenia si\u0119 na wizyt\u0119 osoby wykazuj\u0105cej niepokoj\u0105ce objawy nie b\u0119dzie mog\u0142a si\u0119 ona odby\u0107 i zostanie wyznaczony jej nowy termin.<\/u><\/li>\n<li>W sytuacji odwo\u0142ania lub przesuni\u0119cia czasu ustalonej wizyty \u2013 prosi si\u0119 o odpowiednio wcze\u015bniejsze telefoniczne lub w formie wiadomo\u015bci SMS powiadomienie o przesuni\u0119ciu terminu planowanej wizyty.<\/li>\n<li>Podczas wizyty obowi\u0105zkowe jest zas\u0142anianie ust i nosa.<\/li>\n<li>Obowi\u0105zkowe jest korzystanie ze \u015brodka dezynfekcyjnego i dezynfekcja d\u0142oni podczas wizyty w Kancelarii.<\/li>\n<li>Obowi\u0105zkowe jest zachowanie bezpiecznego dystansu od 1,5 do 2 metr\u00f3w (warunki pomieszczenia Kancelarii pozwalaj\u0105 na zachowanie takiej bezpiecznej przestrzeni).<\/li>\n<li>Przekazywanie dokument\u00f3w do konsultacji podczas wizyty odbywa si\u0119 za po\u015brednictwem osobnego dezynfekowanego pojemnika \u2013 szuflady z tworzywa sztucznego lub kartonu bez konieczno\u015bci dotykania biurka.<\/li>\n<li>Przekazywane do realizacji zlecenia dokumenty musz\u0105 zosta\u0107 poddane \u201ekwarantannie\u201d co najmniej 1 lub 2 dni od dnia ich przyj\u0119cia i b\u0119d\u0105 przez ten czas z\u0142o\u017cone w dezynfekowanych tekturowych pude\u0142kach.<\/li>\n<\/ol>\n<p style=\"text-align: center;\"><em>\u00a0\u00a0\u00a0\u00a0\u00a0\u00a0\u00a0\u00a0\u00a0 Serdecznie dzi\u0119kuj\u0119 za stosowanie si\u0119 do powy\u017cszych zalece\u0144.<\/em><\/p>\n","protected":false},"excerpt":{"rendered":"<p>W zwi\u0105zku z zaistnia\u0142\u0105 sytuacj\u0105 epidemiologiczn\u0105 i w trosce o dobro naszych Klient\u00f3w informuj\u0119, i\u017c w zwi\u0105zku z podj\u0119ciem od dnia 18 maja 2020 roku w dzia\u0142alno\u015bci Kancelarii, jeszcze ograniczonej w zakresie bezpo\u015bredniej obs\u0142ugi Klient\u00f3w w Kancelarii wdro\u017cono procedury maj\u0105ce na celu zminimalizowanie ryzyka zaka\u017cenia wirusem SARS-CoV-2. Dla bezpiecze\u0144stwa Klient\u00f3w i Adwokata w Kancelarii stosujemy &hellip; <\/p>\n<p class=\"link-more\"><a href=\"https:\/\/krupa.biz.pl\/index.php\/o-nas\/\" class=\"more-link\">Czytaj dalej<span class=\"screen-reader-text\"> \u201eKomunikat\u201d<\/span><\/a><\/p>\n","protected":false},"author":1,"featured_media":55,"parent":0,"menu_order":0,"comment_status":"closed","ping_status":"closed","template":"","meta":{"footnotes":""},"class_list":["post-27","page","type-page","status-publish","has-post-thumbnail","hentry"],"_links":{"self":[{"href":"https:\/\/krupa.biz.pl\/index.php\/wp-json\/wp\/v2\/pages\/27","targetHints":{"allow":["GET"]}}],"collection":[{"href":"https:\/\/krupa.biz.pl\/index.php\/wp-json\/wp\/v2\/pages"}],"about":[{"href":"https:\/\/krupa.biz.pl\/index.php\/wp-json\/wp\/v2\/types\/page"}],"author":[{"embeddable":true,"href":"https:\/\/krupa.biz.pl\/index.php\/wp-json\/wp\/v2\/users\/1"}],"replies":[{"embeddable":true,"href":"https:\/\/krupa.biz.pl\/index.php\/wp-json\/wp\/v2\/comments?post=27"}],"version-history":[{"count":7,"href":"https:\/\/krupa.biz.pl\/index.php\/wp-json\/wp\/v2\/pages\/27\/revisions"}],"predecessor-version":[{"id":87,"href":"https:\/\/krupa.biz.pl\/index.php\/wp-json\/wp\/v2\/pages\/27\/revisions\/87"}],"wp:featuredmedia":[{"embeddable":true,"href":"https:\/\/krupa.biz.pl\/index.php\/wp-json\/wp\/v2\/media\/55"}],"wp:attachment":[{"href":"https:\/\/krupa.biz.pl\/index.php\/wp-json\/wp\/v2\/media?parent=27"}],"curies":[{"name":"wp","href":"https:\/\/api.w.org\/{rel}","templated":true}]}}