{"id":28,"date":"2019-02-04T18:37:17","date_gmt":"2019-02-04T17:37:17","guid":{"rendered":"http:\/\/krupa.biz.pl\/wordpress\/?page_id=28"},"modified":"2019-02-04T21:24:38","modified_gmt":"2019-02-04T20:24:38","slug":"kontakt","status":"publish","type":"page","link":"https:\/\/krupa.biz.pl\/index.php\/kontakt\/","title":{"rendered":"Kontakt"},"content":{"rendered":"<p>Kancelaria Adwokacka Adw. Antoni Krupa jest Kancelari\u0105 prawn\u0105 specjalizuj\u0105c\u0105 si\u0119 w \u015bwiadczeniu kompleksowych us\u0142ug obs\u0142ugi prawnej na rzecz podmiot\u00f3w instytucjonalnych i klient\u00f3w indywidualnych .<\/p>\n<p>ul. Kosciuszki 2<br \/>\n28 \u2013 200 Stasz\u00f3w<br \/>\ntel. 604 412 918<br \/>\nNIP 866-132-42-12, REGON 260000688<br \/>\n<a href=\"mailto:kancelaria@krupa.biz.pl\">kancelaria@krupa.biz.pl<\/a><\/p>\n","protected":false},"excerpt":{"rendered":"<p>Kancelaria Adwokacka Adw. Antoni Krupa jest Kancelari\u0105 prawn\u0105 specjalizuj\u0105c\u0105 si\u0119 w \u015bwiadczeniu kompleksowych us\u0142ug obs\u0142ugi prawnej na rzecz podmiot\u00f3w instytucjonalnych i klient\u00f3w indywidualnych . ul. Kosciuszki 2 28 \u2013 200 Stasz\u00f3w tel. 604 412 918 NIP 866-132-42-12, REGON 260000688 kancelaria@krupa.biz.pl<\/p>\n","protected":false},"author":1,"featured_media":57,"parent":0,"menu_order":0,"comment_status":"closed","ping_status":"closed","template":"","meta":{"footnotes":""},"class_list":["post-28","page","type-page","status-publish","has-post-thumbnail","hentry"],"_links":{"self":[{"href":"https:\/\/krupa.biz.pl\/index.php\/wp-json\/wp\/v2\/pages\/28","targetHints":{"allow":["GET"]}}],"collection":[{"href":"https:\/\/krupa.biz.pl\/index.php\/wp-json\/wp\/v2\/pages"}],"about":[{"href":"https:\/\/krupa.biz.pl\/index.php\/wp-json\/wp\/v2\/types\/page"}],"author":[{"embeddable":true,"href":"https:\/\/krupa.biz.pl\/index.php\/wp-json\/wp\/v2\/users\/1"}],"replies":[{"embeddable":true,"href":"https:\/\/krupa.biz.pl\/index.php\/wp-json\/wp\/v2\/comments?post=28"}],"version-history":[{"count":2,"href":"https:\/\/krupa.biz.pl\/index.php\/wp-json\/wp\/v2\/pages\/28\/revisions"}],"predecessor-version":[{"id":46,"href":"https:\/\/krupa.biz.pl\/index.php\/wp-json\/wp\/v2\/pages\/28\/revisions\/46"}],"wp:featuredmedia":[{"embeddable":true,"href":"https:\/\/krupa.biz.pl\/index.php\/wp-json\/wp\/v2\/media\/57"}],"wp:attachment":[{"href":"https:\/\/krupa.biz.pl\/index.php\/wp-json\/wp\/v2\/media?parent=28"}],"curies":[{"name":"wp","href":"https:\/\/api.w.org\/{rel}","templated":true}]}}